{"id":74,"date":"2017-01-18T21:31:09","date_gmt":"2017-01-18T21:31:09","guid":{"rendered":"http:\/\/tupu-sport.fi\/?page_id=74"},"modified":"2025-12-28T12:08:57","modified_gmt":"2025-12-28T12:08:57","slug":"hieronta-hinnasto","status":"publish","type":"page","link":"https:\/\/tupu-sport.fi\/index.php\/hieronta-hinnasto\/","title":{"rendered":"Hieronta hinnasto"},"content":{"rendered":"<p style=\"text-align: center;\"><img decoding=\"async\" loading=\"lazy\" class=\"aligncenter size-medium wp-image-35\" src=\"http:\/\/tupu-sport.fi\/wp-content\/uploads\/2017\/01\/240_F_1181197_YdEtGIogYZaxU0j7Lrjc8MsOQQSyqi-300x199.jpg\" alt=\"\" width=\"300\" height=\"199\" srcset=\"https:\/\/tupu-sport.fi\/wp-content\/uploads\/2017\/01\/240_F_1181197_YdEtGIogYZaxU0j7Lrjc8MsOQQSyqi-300x199.jpg 300w, https:\/\/tupu-sport.fi\/wp-content\/uploads\/2017\/01\/240_F_1181197_YdEtGIogYZaxU0j7Lrjc8MsOQQSyqi.jpg 361w\" sizes=\"(max-width: 300px) 100vw, 300px\" \/>Hinnasto 1.1.2026<\/p>\n<p style=\"text-align: center;\">Osahieronta 30min 29\u20ac<\/p>\n<p style=\"text-align: center;\">Puolihieronta 60min 51\u20ac<\/p>\n<p style=\"text-align: center;\">Kokohieronta 90min 68\u20ac<\/p>\n<p style=\"text-align: center;\">Kokohieronta 120min 85\u20ac<\/p>\n<p style=\"text-align: center;\">Maksuv\u00e4lineet: K\u00e4teinen ja\u00a0 pankki- \/luottokortit, MobilePay, sek\u00e4 Smartum, ePassi ja<\/p>\n<p style=\"text-align: center;\">Aikojen peruutukset ja siirrot tulee tehd\u00e4 2 vuorokautta ennen varattua aikaa. T\u00e4m\u00e4n j\u00e4lkeen tehdyist\u00e4 muutoksista laskutan 50% hoidon hinnasta<\/p>\n<h6 style=\"text-align: center;\"><span style=\"color: #00ff00;\">Urheilijasopimuksela joustavasti ja edullisesti lihashuolto kerralla kuntoon. KYSY LIS\u00c4\u00c4<\/span><\/h6>\n<p><img decoding=\"async\" loading=\"lazy\" class=\"aligncenter wp-image-173 size-medium\" src=\"http:\/\/tupu-sport.fi\/wp-content\/uploads\/2020\/12\/mainos-kuva-300x225.jpg\" alt=\"\" width=\"300\" height=\"225\" srcset=\"https:\/\/tupu-sport.fi\/wp-content\/uploads\/2020\/12\/mainos-kuva-300x225.jpg 300w, https:\/\/tupu-sport.fi\/wp-content\/uploads\/2020\/12\/mainos-kuva.jpg 540w\" sizes=\"(max-width: 300px) 100vw, 300px\" \/><\/p>\n","protected":false},"excerpt":{"rendered":"<p>Hinnasto 1.1.2026 Osahieronta 30min 29\u20ac Puolihieronta 60min 51\u20ac Kokohieronta 90min 68\u20ac Kokohieronta 120min 85\u20ac Maksuv\u00e4lineet: K\u00e4teinen ja\u00a0 pankki- \/luottokortit, MobilePay, sek\u00e4 Smartum, ePassi ja Aikojen peruutukset ja siirrot tulee tehd\u00e4 2 vuorokautta ennen varattua aikaa. T\u00e4m\u00e4n j\u00e4lkeen tehdyist\u00e4 muutoksista laskutan 50% hoidon hinnasta Urheilijasopimuksela joustavasti ja edullisesti lihashuolto kerralla kuntoon. KYSY LIS\u00c4\u00c4<\/p>\n","protected":false},"author":1,"featured_media":0,"parent":0,"menu_order":0,"comment_status":"closed","ping_status":"closed","template":"","meta":[],"_links":{"self":[{"href":"https:\/\/tupu-sport.fi\/index.php\/wp-json\/wp\/v2\/pages\/74"}],"collection":[{"href":"https:\/\/tupu-sport.fi\/index.php\/wp-json\/wp\/v2\/pages"}],"about":[{"href":"https:\/\/tupu-sport.fi\/index.php\/wp-json\/wp\/v2\/types\/page"}],"author":[{"embeddable":true,"href":"https:\/\/tupu-sport.fi\/index.php\/wp-json\/wp\/v2\/users\/1"}],"replies":[{"embeddable":true,"href":"https:\/\/tupu-sport.fi\/index.php\/wp-json\/wp\/v2\/comments?post=74"}],"version-history":[{"count":16,"href":"https:\/\/tupu-sport.fi\/index.php\/wp-json\/wp\/v2\/pages\/74\/revisions"}],"predecessor-version":[{"id":206,"href":"https:\/\/tupu-sport.fi\/index.php\/wp-json\/wp\/v2\/pages\/74\/revisions\/206"}],"wp:attachment":[{"href":"https:\/\/tupu-sport.fi\/index.php\/wp-json\/wp\/v2\/media?parent=74"}],"curies":[{"name":"wp","href":"https:\/\/api.w.org\/{rel}","templated":true}]}}